{"id":3329,"date":"2026-01-16T15:00:22","date_gmt":"2026-01-16T15:00:22","guid":{"rendered":"https:\/\/andreasijuliani.adv.br\/?page_id=3329"},"modified":"2026-02-16T13:14:40","modified_gmt":"2026-02-16T13:14:40","slug":"consultoria-estrategica","status":"publish","type":"page","link":"https:\/\/andreasijuliani.adv.br\/en\/consultoria-estrategica\/","title":{"rendered":"Strategic Advisory"},"content":{"rendered":"<div data-elementor-type=\"wp-page\" data-elementor-id=\"3329\" class=\"elementor elementor-3329\">\n\t\t\t\t<div class=\"elementor-element elementor-element-9784ff1 e-flex e-con-boxed e-con e-parent\" data-id=\"9784ff1\" data-element_type=\"container\" data-e-type=\"container\">\n\t\t\t\t\t<div class=\"e-con-inner\">\n\t\t<div class=\"elementor-element elementor-element-7871cd0 e-con-full sticky-sidebar e-flex e-con e-child\" data-id=\"7871cd0\" data-element_type=\"container\" data-e-type=\"container\">\n\t\t\t\t<div class=\"elementor-element elementor-element-ca5fda4 elementor-widget elementor-widget-heading\" data-id=\"ca5fda4\" data-element_type=\"widget\" data-e-type=\"widget\" data-widget_type=\"heading.default\">\n\t\t\t\t\t<h2 class=\"elementor-heading-title elementor-size-default\">Strategic Advisory<\/h2>\t\t\t\t<\/div>\n\t\t\t\t<\/div>\n\t\t<div class=\"elementor-element elementor-element-18ec395 e-con-full e-flex e-con e-child\" data-id=\"18ec395\" data-element_type=\"container\" data-e-type=\"container\">\n\t\t\t\t<div class=\"elementor-element elementor-element-0464f5a elementor-widget elementor-widget-text-editor\" data-id=\"0464f5a\" data-element_type=\"widget\" data-e-type=\"widget\" data-widget_type=\"text-editor.default\">\n\t\t\t\t\t\t\t\t\t<p>Strategic advisory is the foundation of any successful business.\nWe act as strategic partners to your executive leadership, identifying opportunities and mitigating risks before they become problems. Our approach combines in-depth legal analysis with a strong business perspective, ensuring that your decisions are secure and aligned with your business objectives.<br \/><br \/>We provide strategic advisory focused on reducing operational and legal risks. Our services include legal risk analysis, strategic planning, process optimization, crisis management, and preventive compliance.<\/p>\t\t\t\t\t\t\t\t<\/div>\n\t\t\t\t<\/div>\n\t\t\t\t\t<\/div>\n\t\t\t\t<\/div>\n\t\t<div class=\"elementor-element elementor-element-a22b2ff e-flex e-con-boxed e-con e-parent\" data-id=\"a22b2ff\" data-element_type=\"container\" data-e-type=\"container\">\n\t\t\t\t\t<div class=\"e-con-inner\">\n\t\t\t\t<div class=\"elementor-element elementor-element-af7af30 col-3 col-tablet-2 col-mobile-1 elementor-widget elementor-widget-wgl-gallery\" data-id=\"af7af30\" data-element_type=\"widget\" data-e-type=\"widget\" data-widget_type=\"wgl-gallery.default\">\n\t\t\t\t<div class=\"elementor-widget-container\">\n\t\t\t\t\t<div class=\"wgl-gallery\"><div class=\"wgl-gallery_items gallery-carousel\"><div class=\"wgl-carousel_wrapper\"><div class=\"wgl-carousel swiper wgl-carousel_swiper swiper-container\" data-swiper='{\"slidesTransition\":800,\"mousewheel\":false,\"infinite\":false,\"variableWidth\":false,\"autoplay\":false,\"autoplaySpeed\":null,\"linearAnimation\":false,\"autoplayPause\":false,\"autoplayReverse\":false,\"watchOverflow\":true,\"arrows\":false,\"dots\":false,\"dynamicBullets\":false,\"adaptiveHeight\":false,\"direction\":\"horizontal\",\"responsive\":[{\"breakpoint\":1601,\"slidesToShow\":\"3\",\"slidesToScroll\":\"3\"},{\"breakpoint\":1201,\"slidesToShow\":\"3\",\"slidesToScroll\":\"3\"},{\"breakpoint\":768,\"slidesToShow\":\"2\",\"slidesToScroll\":\"2\"},{\"breakpoint\":280,\"slidesToShow\":\"1\",\"slidesToScroll\":\"1\"}]}' data-item-carousel='wgl_carousel_6a00a3fb6189d'><div class=\"swiper-wrapper\"><\/div><\/div><\/div><\/div><\/div>\t\t\t\t<\/div>\n\t\t\t\t<\/div>\n\t\t\t\t\t<\/div>\n\t\t\t\t<\/div>\n\t\t<div class=\"elementor-element elementor-element-c29eb6c e-flex e-con-boxed e-con e-parent\" data-id=\"c29eb6c\" data-element_type=\"container\" data-e-type=\"container\">\n\t\t\t\t\t<div class=\"e-con-inner\">\n\t\t<div class=\"elementor-element elementor-element-2a2021c e-con-full sticky-sidebar e-flex e-con e-child\" data-id=\"2a2021c\" data-element_type=\"container\" data-e-type=\"container\">\n\t\t\t\t<div class=\"elementor-element elementor-element-b7b754b elementor-widget elementor-widget-heading\" data-id=\"b7b754b\" data-element_type=\"widget\" data-e-type=\"widget\" data-widget_type=\"heading.default\">\n\t\t\t\t\t<h2 class=\"elementor-heading-title elementor-size-default\">Security in Strategy<\/h2>\t\t\t\t<\/div>\n\t\t\t\t<\/div>\n\t\t<div class=\"elementor-element elementor-element-f66898d e-con-full e-flex e-con e-child\" data-id=\"f66898d\" data-element_type=\"container\" data-e-type=\"container\">\n\t\t\t\t<div class=\"elementor-element elementor-element-b7dd05e elementor-widget elementor-widget-text-editor\" data-id=\"b7dd05e\" data-element_type=\"widget\" data-e-type=\"widget\" data-widget_type=\"text-editor.default\">\n\t\t\t\t\t\t\t\t\t<p>The best strategy is one that combines business vision with legal certainty. With over 25 years of experience, our partners work together to deliver advisory services that drive your business forward without compromising security. When you structure your strategy with legal expertise, you build solid foundations for sustainable growth.<\/p>\t\t\t\t\t\t\t\t<\/div>\n\t\t\t\t<div class=\"elementor-element elementor-element-6ea0245 elementor-widget elementor-widget-text-editor\" data-id=\"6ea0245\" data-element_type=\"widget\" data-e-type=\"widget\" data-widget_type=\"text-editor.default\">\n\t\t\t\t\t\t\t\t\t<blockquote><p>Strategic advisory is not only about avoiding problems \u2014 it is about identifying opportunities and structuring them with security.<\/p><\/blockquote>\t\t\t\t\t\t\t\t<\/div>\n\t\t\t\t<div class=\"elementor-element elementor-element-91bd7c9 elementor-widget elementor-widget-spacer\" data-id=\"91bd7c9\" data-element_type=\"widget\" data-e-type=\"widget\" data-widget_type=\"spacer.default\">\n\t\t\t\t\t\t\t<div class=\"elementor-spacer\">\n\t\t\t<div class=\"elementor-spacer-inner\"><\/div>\n\t\t<\/div>\n\t\t\t\t\t\t<\/div>\n\t\t\t\t<\/div>\n\t\t\t\t\t<\/div>\n\t\t\t\t<\/div>\n\t\t<div class=\"elementor-element elementor-element-b709996 e-flex e-con-boxed e-con e-child\" data-id=\"b709996\" data-element_type=\"container\" data-e-type=\"container\">\n\t\t\t\t\t<div class=\"e-con-inner\">\n\t\t<div class=\"elementor-element elementor-element-6cc76ba e-con-full e-flex elementor-invisible e-con e-child\" data-id=\"6cc76ba\" data-element_type=\"container\" data-e-type=\"container\" data-settings=\"{&quot;animation&quot;:&quot;wgl_fade_up&quot;}\">\n\t\t\t\t<div class=\"elementor-element elementor-element-518fe84 elementor-widget elementor-widget-spacer\" data-id=\"518fe84\" data-element_type=\"widget\" data-e-type=\"widget\" data-widget_type=\"spacer.default\">\n\t\t\t\t\t\t\t<div class=\"elementor-spacer\">\n\t\t\t<div class=\"elementor-spacer-inner\"><\/div>\n\t\t<\/div>\n\t\t\t\t\t\t<\/div>\n\t\t\t\t<div class=\"elementor-element elementor-element-e9eabe0 elementor-widget-divider--view-line elementor-widget elementor-widget-divider\" data-id=\"e9eabe0\" data-element_type=\"widget\" data-e-type=\"widget\" data-widget_type=\"divider.default\">\n\t\t\t\t\t\t\t<div class=\"elementor-divider\">\n\t\t\t<span class=\"elementor-divider-separator\">\n\t\t\t\t\t\t<\/span>\n\t\t<\/div>\n\t\t\t\t\t\t<\/div>\n\t\t\t\t<div class=\"elementor-element elementor-element-ff9b577 aleft elementor-widget elementor-widget-wgl-button\" data-id=\"ff9b577\" data-element_type=\"widget\" data-e-type=\"widget\" data-widget_type=\"wgl-button.default\">\n\t\t\t\t<div class=\"elementor-widget-container\">\n\t\t\t\t\t<a class=\"wgl-button wgl-widget__button\" href=\"https:\/\/andreasijuliani.adv.br\/en\/areas-de-atuacao\/\" role=\"button\"><div class=\"button__content\"><span class=\"button__text\">Back<\/span><\/div><\/a>\t\t\t\t<\/div>\n\t\t\t\t<\/div>\n\t\t\t\t<\/div>\n\t\t\t\t\t<\/div>\n\t\t\t\t<\/div>\n\t\t<div class=\"elementor-element elementor-element-f36186b e-flex e-con-boxed e-con e-parent\" data-id=\"f36186b\" data-element_type=\"container\" data-e-type=\"container\" data-settings=\"{&quot;background_background&quot;:&quot;classic&quot;}\">\n\t\t\t\t\t<div class=\"e-con-inner\">\n\t\t<div class=\"elementor-element elementor-element-a7ae8ba e-con-full e-flex e-con e-child\" data-id=\"a7ae8ba\" data-element_type=\"container\" data-e-type=\"container\">\n\t\t\t\t<div class=\"elementor-element elementor-element-0431d18 elementor-widget__width-initial acenter elementor-widget elementor-widget-wgl-double-heading\" data-id=\"0431d18\" data-element_type=\"widget\" data-e-type=\"widget\" data-widget_type=\"wgl-double-heading.default\">\n\t\t\t\t<div class=\"elementor-widget-container\">\n\t\t\t\t\t<div class=\"wgl-double-heading\"><h3 class=\"dblh__title-wrapper\"><span class=\"dblh__title dblh__title-1\"><span>See Also<\/span><\/span><\/h3><\/div>\t\t\t\t<\/div>\n\t\t\t\t<\/div>\n\t\t\t\t<div class=\"elementor-element elementor-element-ab8ec75 elementor-widget elementor-widget-spacer\" data-id=\"ab8ec75\" data-element_type=\"widget\" data-e-type=\"widget\" data-widget_type=\"spacer.default\">\n\t\t\t\t\t\t\t<div class=\"elementor-spacer\">\n\t\t\t<div class=\"elementor-spacer-inner\"><\/div>\n\t\t<\/div>\n\t\t\t\t\t\t<\/div>\n\t\t\t\t<\/div>\n\t\t\t\t\t<\/div>\n\t\t\t\t<\/div>\n\t\t<div class=\"elementor-element elementor-element-23ff276 e-flex e-con-boxed e-con e-parent\" data-id=\"23ff276\" data-element_type=\"container\" data-e-type=\"container\" data-settings=\"{&quot;background_background&quot;:&quot;classic&quot;}\">\n\t\t\t\t\t<div class=\"e-con-inner\">\n\t\t\t\t<div class=\"elementor-element elementor-element-a542254 elementor-absolute elementor-widget-divider--view-line elementor-widget elementor-widget-divider\" data-id=\"a542254\" data-element_type=\"widget\" data-e-type=\"widget\" data-settings=\"{&quot;_position&quot;:&quot;absolute&quot;}\" data-widget_type=\"divider.default\">\n\t\t\t\t\t\t\t<div class=\"elementor-divider\">\n\t\t\t<span class=\"elementor-divider-separator\">\n\t\t\t\t\t\t<\/span>\n\t\t<\/div>\n\t\t\t\t\t\t<\/div>\n\t\t\t\t<div class=\"elementor-element elementor-element-893fe3f button_animation-default button-left elementor-widget elementor-widget-wgl-cases\" data-id=\"893fe3f\" data-element_type=\"widget\" data-e-type=\"widget\" data-widget_type=\"wgl-cases.default\">\n\t\t\t\t<div class=\"elementor-widget-container\">\n\t\t\t\t\t<div class=\"wgl-cases\" data-carousel=\"yes\"><div class=\"wgl-carousel_wrapper\"><div class=\"wgl-carousel swiper wgl-carousel_swiper swiper-container pagination_line_circle\" data-swiper='{\"slidesTransition\":800,\"mousewheel\":false,\"infinite\":false,\"variableWidth\":false,\"autoplay\":false,\"autoplaySpeed\":null,\"linearAnimation\":false,\"autoplayPause\":false,\"autoplayReverse\":false,\"watchOverflow\":true,\"arrows\":false,\"dots\":true,\"dynamicBullets\":false,\"adaptiveHeight\":false,\"direction\":\"horizontal\",\"responsive\":[{\"breakpoint\":1601,\"slidesToShow\":\"3\",\"slidesToScroll\":\"3\"},{\"breakpoint\":1201,\"slidesToShow\":\"3\",\"slidesToScroll\":\"3\"},{\"breakpoint\":768,\"slidesToShow\":\"2\",\"slidesToScroll\":\"2\"},{\"breakpoint\":280,\"slidesToShow\":\"1\",\"slidesToScroll\":\"1\"}]}' data-item-carousel='wgl_carousel_6a00a3fb66753'><div class=\"swiper-wrapper\"><div class=\"case_items elementor-repeater-item-9403074 swiper-slide\"><div class=\"case_items__inner_wrapper\"><div class=\"image_wrapper\"><span class=\"media-wrapper img-wrapper\"><span class=\"wgl-image-box_img\"><span ><img decoding=\"async\" src=\"https:\/\/andreasijuliani.adv.br\/wp-content\/uploads\/2026\/01\/area_1.jpg\" title=\"area_1\" alt=\"area_1\" loading=\"lazy\" \/><\/span><\/span><\/span><\/div><div class=\"case_title__wrapper\"><h4 class=\"case_title\"><span>Strategic Advisory<\/span><\/h4><\/div><div class=\"case_content__wrapper\"><p>Reduction of operational and legal risks through strategic advisory to executive leadership.<\/p><\/div><div class=\"wgl-button-wrapper rm_btn\"><div class=\"read-more-wrap\"><a href=\"https:\/\/andreasijuliani.adv.br\/en\/consultoria-estrategica\/\" class=\"wgl-cases__button wgl-widget__button button-read-more\"><span class=\"read-more-icon\"><\/span><span class=\"button__text\">Learn More<\/span><\/a><\/div><\/div><\/div><\/div><div class=\"case_items elementor-repeater-item-68a34c1 swiper-slide\"><div class=\"case_items__inner_wrapper\"><div class=\"image_wrapper\"><span class=\"media-wrapper img-wrapper\"><span class=\"wgl-image-box_img\"><span ><img decoding=\"async\" src=\"https:\/\/andreasijuliani.adv.br\/wp-content\/uploads\/2026\/01\/area_2.jpg\" title=\"area_2\" alt=\"area_2\" loading=\"lazy\" \/><\/span><\/span><\/span><\/div><div class=\"case_title__wrapper\"><h4 class=\"case_title\"><span>Corporate Structuring and Governance<\/span><\/h4><\/div><div class=\"case_content__wrapper\"><p>Company formation, restructuring, and corporate governance. We structure your business in a secure and strategic manner.<\/p><\/div><div class=\"wgl-button-wrapper rm_btn\"><div class=\"read-more-wrap\"><a href=\"https:\/\/andreasijuliani.adv.br\/en\/estruturacao-corporativa\/\" class=\"wgl-cases__button wgl-widget__button button-read-more\"><span class=\"read-more-icon\"><\/span><span class=\"button__text\">Learn More<\/span><\/a><\/div><\/div><\/div><\/div><div class=\"case_items elementor-repeater-item-1d81893 swiper-slide\"><div class=\"case_items__inner_wrapper\"><div class=\"image_wrapper\"><span class=\"media-wrapper img-wrapper\"><span class=\"wgl-image-box_img\"><span ><img decoding=\"async\" src=\"https:\/\/andreasijuliani.adv.br\/wp-content\/uploads\/2026\/01\/area_3.jpg\" title=\"area_3\" alt=\"area_3\" loading=\"lazy\" \/><\/span><\/span><\/span><\/div><div class=\"case_title__wrapper\"><h4 class=\"case_title\"><span>Compliance and Governance<\/span><\/h4><\/div><div class=\"case_content__wrapper\"><p>Implementation of risk management and regulatory compliance systems to protect your business.<\/p><\/div><div class=\"wgl-button-wrapper rm_btn\"><div class=\"read-more-wrap\"><a href=\"https:\/\/andreasijuliani.adv.br\/en\/conformidade-e-governanca\/\" class=\"wgl-cases__button wgl-widget__button button-read-more\"><span class=\"read-more-icon\"><\/span><span class=\"button__text\">Learn More<\/span><\/a><\/div><\/div><\/div><\/div><div class=\"case_items elementor-repeater-item-65456d5 swiper-slide\"><div class=\"case_items__inner_wrapper\"><div class=\"image_wrapper\"><span class=\"media-wrapper img-wrapper\"><span class=\"wgl-image-box_img\"><span ><img decoding=\"async\" src=\"https:\/\/andreasijuliani.adv.br\/wp-content\/uploads\/2026\/01\/area_4.jpg\" title=\"area_4\" alt=\"area_4\" loading=\"lazy\" \/><\/span><\/span><\/span><\/div><div class=\"case_title__wrapper\"><h4 class=\"case_title\"><span>Operations and Transactions<\/span><\/h4><\/div><div class=\"case_content__wrapper\"><p>Comprehensive advisory in M&amp;A, credit transactions, and complex commercial operations with full legal certainty.<\/p><\/div><div class=\"wgl-button-wrapper rm_btn\"><div class=\"read-more-wrap\"><a href=\"https:\/\/andreasijuliani.adv.br\/en\/operacoes-e-transacoes\/\" class=\"wgl-cases__button wgl-widget__button button-read-more\"><span class=\"read-more-icon\"><\/span><span class=\"button__text\">Learn More<\/span><\/a><\/div><\/div><\/div><\/div><div class=\"case_items elementor-repeater-item-ca3a12b swiper-slide\"><div class=\"case_items__inner_wrapper\"><div class=\"image_wrapper\"><span class=\"media-wrapper img-wrapper\"><span class=\"wgl-image-box_img\"><span ><img decoding=\"async\" src=\"https:\/\/andreasijuliani.adv.br\/wp-content\/uploads\/2026\/01\/area_5.jpg\" title=\"area_5\" alt=\"area_5\" loading=\"lazy\" \/><\/span><\/span><\/span><\/div><div class=\"case_title__wrapper\"><h4 class=\"case_title\"><span>Risk Management<\/span><\/h4><\/div><div class=\"case_content__wrapper\"><p>Proactive identification and mitigation of legal risks. Comprehensive protection for your business.<\/p><\/div><div class=\"wgl-button-wrapper rm_btn\"><div class=\"read-more-wrap\"><a href=\"#\" class=\"wgl-cases__button wgl-widget__button button-read-more\"><span class=\"read-more-icon\"><\/span><span class=\"button__text\">Learn More<\/span><\/a><\/div><\/div><\/div><\/div><\/div><\/div><div class=\"wgl-swiper-pagination-wrapper pagination_line_circle\"><ul class=\"swiper-pagination\" role=\"tablist\" data-carousel=\"wgl_carousel_6a00a3fb66753\"><\/ul><\/div><\/div><\/div>\t\t\t\t<\/div>\n\t\t\t\t<\/div>\n\t\t\t\t<div class=\"elementor-element elementor-element-bffa9a2 elementor-widget elementor-widget-spacer\" data-id=\"bffa9a2\" data-element_type=\"widget\" data-e-type=\"widget\" data-widget_type=\"spacer.default\">\n\t\t\t\t\t\t\t<div class=\"elementor-spacer\">\n\t\t\t<div class=\"elementor-spacer-inner\"><\/div>\n\t\t<\/div>\n\t\t\t\t\t\t<\/div>\n\t\t\t\t\t<\/div>\n\t\t\t\t<\/div>\n\t\t\t\t<\/div>","protected":false},"excerpt":{"rendered":"<p>Consultoria estrat\u00e9gica A consultoria estrat\u00e9gica \u00e9 o alicerce de qualquer neg\u00f3cio bem-sucedido. Atuamos como parceiros estrat\u00e9gicos da sua dire\u00e7\u00e3o executiva, identificando oportunidades e mitigando riscos antes que se tornem problemas. Nossa abordagem combina an\u00e1lise profunda do ambiente jur\u00eddico com vis\u00e3o empresarial, garantindo que suas decis\u00f5es sejam seguras e alinhadas com objetivos de neg\u00f3cio. Prestamos consultoria [&hellip;]<\/p>","protected":false},"author":1,"featured_media":0,"parent":0,"menu_order":0,"comment_status":"closed","ping_status":"closed","template":"","meta":{"_monsterinsights_skip_tracking":false,"_monsterinsights_sitenote_active":false,"_monsterinsights_sitenote_note":"","_monsterinsights_sitenote_category":0,"footnotes":""},"class_list":["post-3329","page","type-page","status-publish","hentry"],"yoast_head":"<!-- This site is optimized with the Yoast SEO plugin v27.2 - https:\/\/yoast.com\/product\/yoast-seo-wordpress\/ -->\n<title>Consultoria estrat\u00e9gica - Andreasi &amp; Julianni<\/title>\n<meta name=\"robots\" content=\"index, follow, max-snippet:-1, max-image-preview:large, max-video-preview:-1\" \/>\n<link rel=\"canonical\" href=\"https:\/\/andreasijuliani.adv.br\/en\/consultoria-estrategica\/\" \/>\n<meta property=\"og:locale\" content=\"en_GB\" \/>\n<meta property=\"og:type\" content=\"article\" \/>\n<meta property=\"og:title\" content=\"Consultoria estrat\u00e9gica - Andreasi &amp; Julianni\" \/>\n<meta property=\"og:description\" content=\"Consultoria estrat\u00e9gica A consultoria estrat\u00e9gica \u00e9 o alicerce de qualquer neg\u00f3cio bem-sucedido. Atuamos como parceiros estrat\u00e9gicos da sua dire\u00e7\u00e3o executiva, identificando oportunidades e mitigando riscos antes que se tornem problemas. Nossa abordagem combina an\u00e1lise profunda do ambiente jur\u00eddico com vis\u00e3o empresarial, garantindo que suas decis\u00f5es sejam seguras e alinhadas com objetivos de neg\u00f3cio. Prestamos consultoria [&hellip;]\" \/>\n<meta property=\"og:url\" content=\"https:\/\/andreasijuliani.adv.br\/en\/consultoria-estrategica\/\" \/>\n<meta property=\"og:site_name\" content=\"Andreasi &amp; Julianni\" \/>\n<meta property=\"article:modified_time\" content=\"2026-02-16T13:14:40+00:00\" \/>\n<meta property=\"og:image\" content=\"https:\/\/andreasijuliani.adv.br\/wp-content\/uploads\/2026\/01\/area_1.jpg\" \/>\n<meta name=\"twitter:card\" content=\"summary_large_image\" \/>\n<meta name=\"twitter:label1\" content=\"Estimated reading time\" \/>\n\t<meta name=\"twitter:data1\" content=\"2 minutes\" \/>\n<script type=\"application\/ld+json\" class=\"yoast-schema-graph\">{\"@context\":\"https:\/\/schema.org\",\"@graph\":[{\"@type\":\"WebPage\",\"@id\":\"https:\/\/andreasijuliani.adv.br\/consultoria-estrategica\/\",\"url\":\"https:\/\/andreasijuliani.adv.br\/consultoria-estrategica\/\",\"name\":\"Consultoria estrat\u00e9gica - Andreasi &amp; Julianni\",\"isPartOf\":{\"@id\":\"https:\/\/andreasijuliani.adv.br\/#website\"},\"primaryImageOfPage\":{\"@id\":\"https:\/\/andreasijuliani.adv.br\/consultoria-estrategica\/#primaryimage\"},\"image\":{\"@id\":\"https:\/\/andreasijuliani.adv.br\/consultoria-estrategica\/#primaryimage\"},\"thumbnailUrl\":\"https:\/\/andreasijuliani.adv.br\/wp-content\/uploads\/2026\/01\/area_1.jpg\",\"datePublished\":\"2026-01-16T15:00:22+00:00\",\"dateModified\":\"2026-02-16T13:14:40+00:00\",\"breadcrumb\":{\"@id\":\"https:\/\/andreasijuliani.adv.br\/consultoria-estrategica\/#breadcrumb\"},\"inLanguage\":\"en-GB\",\"potentialAction\":[{\"@type\":\"ReadAction\",\"target\":[\"https:\/\/andreasijuliani.adv.br\/consultoria-estrategica\/\"]}]},{\"@type\":\"ImageObject\",\"inLanguage\":\"en-GB\",\"@id\":\"https:\/\/andreasijuliani.adv.br\/consultoria-estrategica\/#primaryimage\",\"url\":\"https:\/\/andreasijuliani.adv.br\/wp-content\/uploads\/2026\/01\/area_1.jpg\",\"contentUrl\":\"https:\/\/andreasijuliani.adv.br\/wp-content\/uploads\/2026\/01\/area_1.jpg\"},{\"@type\":\"BreadcrumbList\",\"@id\":\"https:\/\/andreasijuliani.adv.br\/consultoria-estrategica\/#breadcrumb\",\"itemListElement\":[{\"@type\":\"ListItem\",\"position\":1,\"name\":\"In\u00edcio\",\"item\":\"https:\/\/andreasijuliani.adv.br\/\"},{\"@type\":\"ListItem\",\"position\":2,\"name\":\"Consultoria estrat\u00e9gica\"}]},{\"@type\":\"WebSite\",\"@id\":\"https:\/\/andreasijuliani.adv.br\/#website\",\"url\":\"https:\/\/andreasijuliani.adv.br\/\",\"name\":\"Andreasi & Julianni - Law\",\"description\":\"Law\",\"publisher\":{\"@id\":\"https:\/\/andreasijuliani.adv.br\/#organization\"},\"potentialAction\":[{\"@type\":\"SearchAction\",\"target\":{\"@type\":\"EntryPoint\",\"urlTemplate\":\"https:\/\/andreasijuliani.adv.br\/?s={search_term_string}\"},\"query-input\":{\"@type\":\"PropertyValueSpecification\",\"valueRequired\":true,\"valueName\":\"search_term_string\"}}],\"inLanguage\":\"en-GB\"},{\"@type\":\"Organization\",\"@id\":\"https:\/\/andreasijuliani.adv.br\/#organization\",\"name\":\"Andreasi & Julianni - Law\",\"url\":\"https:\/\/andreasijuliani.adv.br\/\",\"logo\":{\"@type\":\"ImageObject\",\"inLanguage\":\"en-GB\",\"@id\":\"https:\/\/andreasijuliani.adv.br\/#\/schema\/logo\/image\/\",\"url\":\"https:\/\/andreasijuliani.adv.br\/wp-content\/uploads\/2025\/12\/logo-01.svg\",\"contentUrl\":\"https:\/\/andreasijuliani.adv.br\/wp-content\/uploads\/2025\/12\/logo-01.svg\",\"width\":249,\"height\":101,\"caption\":\"Andreasi & Julianni - Law\"},\"image\":{\"@id\":\"https:\/\/andreasijuliani.adv.br\/#\/schema\/logo\/image\/\"}}]}<\/script>\n<!-- \/ Yoast SEO plugin. -->","yoast_head_json":{"title":"Consultoria estrat\u00e9gica - Andreasi &amp; Julianni","robots":{"index":"index","follow":"follow","max-snippet":"max-snippet:-1","max-image-preview":"max-image-preview:large","max-video-preview":"max-video-preview:-1"},"canonical":"https:\/\/andreasijuliani.adv.br\/en\/consultoria-estrategica\/","og_locale":"en_GB","og_type":"article","og_title":"Consultoria estrat\u00e9gica - Andreasi &amp; Julianni","og_description":"Consultoria estrat\u00e9gica A consultoria estrat\u00e9gica \u00e9 o alicerce de qualquer neg\u00f3cio bem-sucedido. Atuamos como parceiros estrat\u00e9gicos da sua dire\u00e7\u00e3o executiva, identificando oportunidades e mitigando riscos antes que se tornem problemas. Nossa abordagem combina an\u00e1lise profunda do ambiente jur\u00eddico com vis\u00e3o empresarial, garantindo que suas decis\u00f5es sejam seguras e alinhadas com objetivos de neg\u00f3cio. Prestamos consultoria [&hellip;]","og_url":"https:\/\/andreasijuliani.adv.br\/en\/consultoria-estrategica\/","og_site_name":"Andreasi &amp; Julianni","article_modified_time":"2026-02-16T13:14:40+00:00","og_image":[{"url":"https:\/\/andreasijuliani.adv.br\/wp-content\/uploads\/2026\/01\/area_1.jpg","type":"","width":"","height":""}],"twitter_card":"summary_large_image","twitter_misc":{"Estimated reading time":"2 minutes"},"schema":{"@context":"https:\/\/schema.org","@graph":[{"@type":"WebPage","@id":"https:\/\/andreasijuliani.adv.br\/consultoria-estrategica\/","url":"https:\/\/andreasijuliani.adv.br\/consultoria-estrategica\/","name":"Consultoria estrat\u00e9gica - Andreasi &amp; Julianni","isPartOf":{"@id":"https:\/\/andreasijuliani.adv.br\/#website"},"primaryImageOfPage":{"@id":"https:\/\/andreasijuliani.adv.br\/consultoria-estrategica\/#primaryimage"},"image":{"@id":"https:\/\/andreasijuliani.adv.br\/consultoria-estrategica\/#primaryimage"},"thumbnailUrl":"https:\/\/andreasijuliani.adv.br\/wp-content\/uploads\/2026\/01\/area_1.jpg","datePublished":"2026-01-16T15:00:22+00:00","dateModified":"2026-02-16T13:14:40+00:00","breadcrumb":{"@id":"https:\/\/andreasijuliani.adv.br\/consultoria-estrategica\/#breadcrumb"},"inLanguage":"en-GB","potentialAction":[{"@type":"ReadAction","target":["https:\/\/andreasijuliani.adv.br\/consultoria-estrategica\/"]}]},{"@type":"ImageObject","inLanguage":"en-GB","@id":"https:\/\/andreasijuliani.adv.br\/consultoria-estrategica\/#primaryimage","url":"https:\/\/andreasijuliani.adv.br\/wp-content\/uploads\/2026\/01\/area_1.jpg","contentUrl":"https:\/\/andreasijuliani.adv.br\/wp-content\/uploads\/2026\/01\/area_1.jpg"},{"@type":"BreadcrumbList","@id":"https:\/\/andreasijuliani.adv.br\/consultoria-estrategica\/#breadcrumb","itemListElement":[{"@type":"ListItem","position":1,"name":"In\u00edcio","item":"https:\/\/andreasijuliani.adv.br\/"},{"@type":"ListItem","position":2,"name":"Consultoria estrat\u00e9gica"}]},{"@type":"WebSite","@id":"https:\/\/andreasijuliani.adv.br\/#website","url":"https:\/\/andreasijuliani.adv.br\/","name":"Andreasi & Julianni - Law","description":"Law","publisher":{"@id":"https:\/\/andreasijuliani.adv.br\/#organization"},"potentialAction":[{"@type":"SearchAction","target":{"@type":"EntryPoint","urlTemplate":"https:\/\/andreasijuliani.adv.br\/?s={search_term_string}"},"query-input":{"@type":"PropertyValueSpecification","valueRequired":true,"valueName":"search_term_string"}}],"inLanguage":"en-GB"},{"@type":"Organization","@id":"https:\/\/andreasijuliani.adv.br\/#organization","name":"Andreasi & Julianni - Law","url":"https:\/\/andreasijuliani.adv.br\/","logo":{"@type":"ImageObject","inLanguage":"en-GB","@id":"https:\/\/andreasijuliani.adv.br\/#\/schema\/logo\/image\/","url":"https:\/\/andreasijuliani.adv.br\/wp-content\/uploads\/2025\/12\/logo-01.svg","contentUrl":"https:\/\/andreasijuliani.adv.br\/wp-content\/uploads\/2025\/12\/logo-01.svg","width":249,"height":101,"caption":"Andreasi & Julianni - Law"},"image":{"@id":"https:\/\/andreasijuliani.adv.br\/#\/schema\/logo\/image\/"}}]}},"_links":{"self":[{"href":"https:\/\/andreasijuliani.adv.br\/en\/wp-json\/wp\/v2\/pages\/3329","targetHints":{"allow":["GET"]}}],"collection":[{"href":"https:\/\/andreasijuliani.adv.br\/en\/wp-json\/wp\/v2\/pages"}],"about":[{"href":"https:\/\/andreasijuliani.adv.br\/en\/wp-json\/wp\/v2\/types\/page"}],"author":[{"embeddable":true,"href":"https:\/\/andreasijuliani.adv.br\/en\/wp-json\/wp\/v2\/users\/1"}],"replies":[{"embeddable":true,"href":"https:\/\/andreasijuliani.adv.br\/en\/wp-json\/wp\/v2\/comments?post=3329"}],"version-history":[{"count":16,"href":"https:\/\/andreasijuliani.adv.br\/en\/wp-json\/wp\/v2\/pages\/3329\/revisions"}],"predecessor-version":[{"id":3515,"href":"https:\/\/andreasijuliani.adv.br\/en\/wp-json\/wp\/v2\/pages\/3329\/revisions\/3515"}],"wp:attachment":[{"href":"https:\/\/andreasijuliani.adv.br\/en\/wp-json\/wp\/v2\/media?parent=3329"}],"curies":[{"name":"wp","href":"https:\/\/api.w.org\/{rel}","templated":true}]}}