{"id":3534,"date":"2026-02-16T13:21:28","date_gmt":"2026-02-16T13:21:28","guid":{"rendered":"https:\/\/andreasijuliani.adv.br\/?page_id=3534"},"modified":"2026-02-24T21:39:31","modified_gmt":"2026-02-24T21:39:31","slug":"presenca-global","status":"publish","type":"page","link":"https:\/\/andreasijuliani.adv.br\/en\/presenca-global\/","title":{"rendered":"Global Presence"},"content":{"rendered":"<div data-elementor-type=\"wp-page\" data-elementor-id=\"3534\" class=\"elementor elementor-3534\">\n\t\t\t\t<div class=\"elementor-element elementor-element-594e1d3 e-flex e-con-boxed e-con e-parent\" data-id=\"594e1d3\" data-element_type=\"container\" data-e-type=\"container\">\n\t\t\t\t\t<div class=\"e-con-inner\">\n\t\t<div class=\"elementor-element elementor-element-d5bfe15 e-con-full sticky-sidebar e-flex e-con e-child\" data-id=\"d5bfe15\" data-element_type=\"container\" data-e-type=\"container\">\n\t\t\t\t<div class=\"elementor-element elementor-element-5265e59 elementor-widget elementor-widget-heading\" data-id=\"5265e59\" data-element_type=\"widget\" data-e-type=\"widget\" data-widget_type=\"heading.default\">\n\t\t\t\t\t<h2 class=\"elementor-heading-title elementor-size-default\">Mexican Desk \u2013 Brazil &amp; Mexico<\/h2>\t\t\t\t<\/div>\n\t\t\t\t<\/div>\n\t\t<div class=\"elementor-element elementor-element-02254d0 e-con-full e-flex e-con e-child\" data-id=\"02254d0\" data-element_type=\"container\" data-e-type=\"container\">\n\t\t\t\t<div class=\"elementor-element elementor-element-de76f59 elementor-widget elementor-widget-text-editor\" data-id=\"de76f59\" data-element_type=\"widget\" data-e-type=\"widget\" data-widget_type=\"text-editor.default\">\n\t\t\t\t\t\t\t\t\tAndreasi &amp; Juliani Advocacia <a href=\"https:\/\/estrategiatotal.org\/socios-aliados-estrategicos-estrategia-total\/#nosotros\" \n   style=\"color: #9A1E2A; text-decoration: underline; font-weight: bold;\">\n  Asesoria Estrategia Total\n<\/a>established the Mexican Desk to provide strategic and integrated legal advisory services for operations involving Brazil and Mexico. Estrategia Total, a Mexican firm headquartered in Mexico City, is a benchmark in corporate advisory services in the country.\n\nThe initiative was created to offer personalized assistance to Mexican companies interested in entering or expanding their activities in the Brazilian market, as well as to Brazilian companies seeking to structure, develop, or consolidate their businesses in Mexico. We act as a legal and institutional bridge between both countries, combining local expertise, business insight, and international team coordination.\t\t\t\t\t\t\t\t<\/div>\n\t\t\t\t<\/div>\n\t\t\t\t\t<\/div>\n\t\t\t\t<\/div>\n\t\t<div class=\"elementor-element elementor-element-5c19b85 e-flex e-con-boxed e-con e-parent\" data-id=\"5c19b85\" data-element_type=\"container\" data-e-type=\"container\">\n\t\t\t\t\t<div class=\"e-con-inner\">\n\t\t\t\t<div class=\"elementor-element elementor-element-ca8a753 elementor-widget elementor-widget-text-editor\" data-id=\"ca8a753\" data-element_type=\"widget\" data-e-type=\"widget\" data-widget_type=\"text-editor.default\">\n\t\t\t\t\t\t\t\t\t<p><span>The Mexican Desk provides comprehensive support throughout all stages of a business project, from feasibility analysis, identification of opportunities or risks, and structuring of the operation, to the incorporation of companies, drafting and negotiation of contracts, and regulatory follow-up in areas such as tax, environmental, labor, contractual, and corporate matters. It also provides support in corporate reorganizations, investments, mergers, and acquisitions.<\/span><\/p>\t\t\t\t\t\t\t\t<\/div>\n\t\t\t\t\t<\/div>\n\t\t\t\t<\/div>\n\t\t<div class=\"elementor-element elementor-element-28ee0c1 e-flex e-con-boxed e-con e-parent\" data-id=\"28ee0c1\" data-element_type=\"container\" data-e-type=\"container\" data-settings=\"{&quot;background_background&quot;:&quot;classic&quot;}\">\n\t\t\t\t\t<div class=\"e-con-inner\">\n\t\t<div class=\"elementor-element elementor-element-08626ee e-con-full sticky-sidebar e-flex e-con e-child\" data-id=\"08626ee\" data-element_type=\"container\" data-e-type=\"container\">\n\t\t\t\t<div class=\"elementor-element elementor-element-bb39108 elementor-widget elementor-widget-image\" data-id=\"bb39108\" data-element_type=\"widget\" data-e-type=\"widget\" data-widget_type=\"image.default\">\n\t\t\t\t\t\t\t\t\t\t\t\t\t\t\t<img fetchpriority=\"high\" decoding=\"async\" width=\"682\" height=\"501\" src=\"https:\/\/andreasijuliani.adv.br\/wp-content\/uploads\/2026\/02\/4.jpg\" class=\"attachment-full size-full wp-image-3623\" alt=\"\" srcset=\"https:\/\/andreasijuliani.adv.br\/wp-content\/uploads\/2026\/02\/4.jpg 682w, https:\/\/andreasijuliani.adv.br\/wp-content\/uploads\/2026\/02\/4-300x220.jpg 300w, https:\/\/andreasijuliani.adv.br\/wp-content\/uploads\/2026\/02\/4-16x12.jpg 16w\" sizes=\"(max-width: 682px) 100vw, 682px\" \/>\t\t\t\t\t\t\t\t\t\t\t\t\t\t\t<\/div>\n\t\t\t\t<\/div>\n\t\t<div class=\"elementor-element elementor-element-ff7916e e-con-full e-flex e-con e-child\" data-id=\"ff7916e\" data-element_type=\"container\" data-e-type=\"container\">\n\t\t\t\t<div class=\"elementor-element elementor-element-2e94329 elementor-widget elementor-widget-text-editor\" data-id=\"2e94329\" data-element_type=\"widget\" data-e-type=\"widget\" data-widget_type=\"text-editor.default\">\n\t\t\t\t\t\t\t\t\t<p>Our work is guided by a preventive and strategic approach, focused on mitigating legal risks, ensuring regulatory alignment between the two countries, and building solid structures for the sustainable growth of operations. The work is carried out in a coordinated manner between teams in Brazil and Mexico, ensuring legal certainty, operational efficiency, and smooth communication with the client.<\/p>\t\t\t\t\t\t\t\t<\/div>\n\t\t\t\t<div class=\"elementor-element elementor-element-c56302d elementor-widget elementor-widget-text-editor\" data-id=\"c56302d\" data-element_type=\"widget\" data-e-type=\"widget\" data-widget_type=\"text-editor.default\">\n\t\t\t\t\t\t\t\t\t<p class=\"MsoNormal\" style=\"text-align: left; margin: 12.0pt 0cm 12.0pt 0cm;\">The strengthening of trade relations between Brazil and Mexico has expanded significant opportunities across various sectors of the economy. In this context, the Mexican Desk positions itself as a reliable legal partner for companies seeking to internationalize their operations with planning, legal compliance, and a long-term strategic vision.<\/p>\t\t\t\t\t\t\t\t<\/div>\n\t\t\t\t<\/div>\n\t\t\t\t\t<\/div>\n\t\t\t\t<\/div>\n\t\t<div class=\"elementor-element elementor-element-3337914 e-flex e-con-boxed e-con e-parent\" data-id=\"3337914\" data-element_type=\"container\" data-e-type=\"container\" data-settings=\"{&quot;background_background&quot;:&quot;classic&quot;}\">\n\t\t\t\t\t<div class=\"e-con-inner\">\n\t\t\t\t<div class=\"elementor-element elementor-element-da5ed1a elementor-widget elementor-widget-text-editor\" data-id=\"da5ed1a\" data-element_type=\"widget\" data-e-type=\"widget\" data-widget_type=\"text-editor.default\">\n\t\t\t\t\t\t\t\t\t<p><span>If you are a Mexican company planning to operate in Brazil, or a Brazilian company looking to invest in Mexico, the Mexican Desk is prepared to handle all the legal stages of your project, with personalized service and a strategic business perspective.<\/span><\/p>\t\t\t\t\t\t\t\t<\/div>\n\t\t<div class=\"elementor-element elementor-element-675e5c4 e-con-full e-flex e-con e-child\" data-id=\"675e5c4\" data-element_type=\"container\" data-e-type=\"container\">\n\t\t\t\t<div class=\"elementor-element elementor-element-7414f4d elementor-widget elementor-widget-text-editor\" data-id=\"7414f4d\" data-element_type=\"widget\" data-e-type=\"widget\" data-widget_type=\"text-editor.default\">\n\t\t\t\t\t\t\t\t\t<p><span data-metadata=\"&lt;!--(figmeta)eyJmaWxlS2V5IjoiTVhqek8xamx1ak1RVnNQSmU4NUxZNSIsInBhc3RlSUQiOjE5MTQ4NTkyNDIsImRhdGFUeXBlIjoic2NlbmUifQo=(\/figmeta)--&gt;\"><\/span>\u2713 <span>Legal and regulatory assessment;<br \/>\u2713 Structuring of investments and operations;<br \/>\u2713 Company incorporation, drafting and negotiation of contracts;<br \/>\u2713 Mergers, acquisitions, and corporate reorganizations;<br \/>\u2713 Ongoing regulatory and local context monitoring;<\/span><\/p>\t\t\t\t\t\t\t\t<\/div>\n\t\t\t\t<\/div>\n\t\t\t\t\t<\/div>\n\t\t\t\t<\/div>\n\t\t<div class=\"elementor-element elementor-element-7babffe e-flex e-con-boxed e-con e-parent\" data-id=\"7babffe\" data-element_type=\"container\" data-e-type=\"container\" data-settings=\"{&quot;background_background&quot;:&quot;classic&quot;}\">\n\t\t\t\t\t<div class=\"e-con-inner\">\n\t\t<div class=\"elementor-element elementor-element-4bf5773 e-con-full e-flex e-con e-child\" data-id=\"4bf5773\" data-element_type=\"container\" data-e-type=\"container\">\n\t\t\t\t<div class=\"elementor-element elementor-element-e94c283 elementor-widget elementor-widget-spacer\" data-id=\"e94c283\" data-element_type=\"widget\" data-e-type=\"widget\" data-widget_type=\"spacer.default\">\n\t\t\t\t\t\t\t<div class=\"elementor-spacer\">\n\t\t\t<div class=\"elementor-spacer-inner\"><\/div>\n\t\t<\/div>\n\t\t\t\t\t\t<\/div>\n\t\t\t\t<div class=\"elementor-element elementor-element-2a31eaa acenter visibility-on_hover elementor-widget__width-initial elementor-invisible elementor-widget elementor-widget-wgl-text-editor\" data-id=\"2a31eaa\" data-element_type=\"widget\" data-e-type=\"widget\" data-settings=\"{&quot;_animation&quot;:&quot;wgl_fade_up&quot;,&quot;_animation_delay&quot;:250}\" data-widget_type=\"wgl-text-editor.default\">\n\t\t\t\t<div class=\"elementor-widget-container\">\n\t\t\t\t\t<div class=\"wgl-text-editor mask_effect\"><h3 class=\"text-editor_wrapper\"><span>Turn international opportunities into solid businesses. Rely on a team prepared to lead your expansion with legal certainty, agility, and predictability.<\/span><\/h3><div class=\"text-editor_wrapper text-editor_wrapper-clone\"><span>Turn international opportunities into solid businesses. Rely on a team prepared to lead your expansion with legal certainty, agility, and predictability.<\/span><\/div><\/div>\t\t\t\t<\/div>\n\t\t\t\t<\/div>\n\t\t<div class=\"elementor-element elementor-element-1d7ac88 e-con-full e-flex e-con e-child\" data-id=\"1d7ac88\" data-element_type=\"container\" data-e-type=\"container\">\n\t\t<div class=\"elementor-element elementor-element-55a2fd7 e-con-full e-flex elementor-invisible e-con e-child\" data-id=\"55a2fd7\" data-element_type=\"container\" data-e-type=\"container\" data-settings=\"{&quot;animation&quot;:&quot;wgl_fade_up&quot;}\">\n\t\t\t\t<div class=\"elementor-element elementor-element-da95584 elementor-widget elementor-widget-spacer\" data-id=\"da95584\" data-element_type=\"widget\" data-e-type=\"widget\" data-widget_type=\"spacer.default\">\n\t\t\t\t\t\t\t<div class=\"elementor-spacer\">\n\t\t\t<div class=\"elementor-spacer-inner\"><\/div>\n\t\t<\/div>\n\t\t\t\t\t\t<\/div>\n\t\t\t\t<div class=\"elementor-element elementor-element-b31dc36 elementor-widget-divider--view-line elementor-widget elementor-widget-divider\" data-id=\"b31dc36\" data-element_type=\"widget\" data-e-type=\"widget\" data-widget_type=\"divider.default\">\n\t\t\t\t\t\t\t<div class=\"elementor-divider\">\n\t\t\t<span class=\"elementor-divider-separator\">\n\t\t\t\t\t\t<\/span>\n\t\t<\/div>\n\t\t\t\t\t\t<\/div>\n\t\t\t\t<div class=\"elementor-element elementor-element-4b5e8cd aleft elementor-widget elementor-widget-wgl-button\" data-id=\"4b5e8cd\" data-element_type=\"widget\" data-e-type=\"widget\" data-widget_type=\"wgl-button.default\">\n\t\t\t\t<div class=\"elementor-widget-container\">\n\t\t\t\t\t<a class=\"wgl-button wgl-widget__button\" href=\"https:\/\/andreasijuliani.adv.br\/en\/contato\/\" role=\"button\"><div class=\"button__content\"><span class=\"button__text\">Contact<\/span><\/div><\/a>\t\t\t\t<\/div>\n\t\t\t\t<\/div>\n\t\t\t\t<\/div>\n\t\t\t\t<\/div>\n\t\t\t\t<\/div>\n\t\t\t\t\t<\/div>\n\t\t\t\t<\/div>\n\t\t\t\t<\/div>","protected":false},"excerpt":{"rendered":"<p>Mexican Desk \u2013 Brasil &amp; M\u00e9xico Andreasi &amp; Juliani Advocacia e Asesoria Estrategia Total , institu\u00edram o Mexican Desk para oferecer assessoria jur\u00eddica estrat\u00e9gica e integrada em opera\u00e7\u00f5es que envolvam o Brasil e o M\u00e9xico. O escrit\u00f3rio mexicano Estrategia Total, localizado na Cidade do M\u00e9xico, \u00e9 refer\u00eancia em assessoria empresarial no pa\u00eds. A iniciativa foi [&hellip;]<\/p>","protected":false},"author":1,"featured_media":0,"parent":0,"menu_order":0,"comment_status":"closed","ping_status":"closed","template":"","meta":{"_monsterinsights_skip_tracking":false,"_monsterinsights_sitenote_active":false,"_monsterinsights_sitenote_note":"","_monsterinsights_sitenote_category":0,"footnotes":""},"class_list":["post-3534","page","type-page","status-publish","hentry"],"yoast_head":"<!-- This site is optimized with the Yoast SEO plugin v27.2 - https:\/\/yoast.com\/product\/yoast-seo-wordpress\/ -->\n<title>Presen\u00e7a Global - Andreasi &amp; Julianni<\/title>\n<meta name=\"robots\" content=\"index, follow, max-snippet:-1, max-image-preview:large, max-video-preview:-1\" \/>\n<link rel=\"canonical\" href=\"https:\/\/andreasijuliani.adv.br\/en\/presenca-global\/\" \/>\n<meta property=\"og:locale\" content=\"en_GB\" \/>\n<meta property=\"og:type\" content=\"article\" \/>\n<meta property=\"og:title\" content=\"Presen\u00e7a Global - Andreasi &amp; Julianni\" \/>\n<meta property=\"og:description\" content=\"Mexican Desk \u2013 Brasil &amp; M\u00e9xico Andreasi &amp; Juliani Advocacia e Asesoria Estrategia Total , institu\u00edram o Mexican Desk para oferecer assessoria jur\u00eddica estrat\u00e9gica e integrada em opera\u00e7\u00f5es que envolvam o Brasil e o M\u00e9xico. O escrit\u00f3rio mexicano Estrategia Total, localizado na Cidade do M\u00e9xico, \u00e9 refer\u00eancia em assessoria empresarial no pa\u00eds. A iniciativa foi [&hellip;]\" \/>\n<meta property=\"og:url\" content=\"https:\/\/andreasijuliani.adv.br\/en\/presenca-global\/\" \/>\n<meta property=\"og:site_name\" content=\"Andreasi &amp; Julianni\" \/>\n<meta property=\"article:modified_time\" content=\"2026-02-24T21:39:31+00:00\" \/>\n<meta property=\"og:image\" content=\"https:\/\/andreasijuliani.adv.br\/wp-content\/uploads\/2026\/02\/4.jpg\" \/>\n\t<meta property=\"og:image:width\" content=\"682\" \/>\n\t<meta property=\"og:image:height\" content=\"501\" \/>\n\t<meta property=\"og:image:type\" content=\"image\/jpeg\" \/>\n<meta name=\"twitter:card\" content=\"summary_large_image\" \/>\n<meta name=\"twitter:label1\" content=\"Estimated reading time\" \/>\n\t<meta name=\"twitter:data1\" content=\"1 minute\" \/>\n<script type=\"application\/ld+json\" class=\"yoast-schema-graph\">{\"@context\":\"https:\/\/schema.org\",\"@graph\":[{\"@type\":\"WebPage\",\"@id\":\"https:\/\/andreasijuliani.adv.br\/presenca-global\/\",\"url\":\"https:\/\/andreasijuliani.adv.br\/presenca-global\/\",\"name\":\"Presen\u00e7a Global - Andreasi &amp; Julianni\",\"isPartOf\":{\"@id\":\"https:\/\/andreasijuliani.adv.br\/#website\"},\"primaryImageOfPage\":{\"@id\":\"https:\/\/andreasijuliani.adv.br\/presenca-global\/#primaryimage\"},\"image\":{\"@id\":\"https:\/\/andreasijuliani.adv.br\/presenca-global\/#primaryimage\"},\"thumbnailUrl\":\"https:\/\/andreasijuliani.adv.br\/wp-content\/uploads\/2026\/02\/4.jpg\",\"datePublished\":\"2026-02-16T13:21:28+00:00\",\"dateModified\":\"2026-02-24T21:39:31+00:00\",\"breadcrumb\":{\"@id\":\"https:\/\/andreasijuliani.adv.br\/presenca-global\/#breadcrumb\"},\"inLanguage\":\"en-GB\",\"potentialAction\":[{\"@type\":\"ReadAction\",\"target\":[\"https:\/\/andreasijuliani.adv.br\/presenca-global\/\"]}]},{\"@type\":\"ImageObject\",\"inLanguage\":\"en-GB\",\"@id\":\"https:\/\/andreasijuliani.adv.br\/presenca-global\/#primaryimage\",\"url\":\"https:\/\/andreasijuliani.adv.br\/wp-content\/uploads\/2026\/02\/4.jpg\",\"contentUrl\":\"https:\/\/andreasijuliani.adv.br\/wp-content\/uploads\/2026\/02\/4.jpg\"},{\"@type\":\"BreadcrumbList\",\"@id\":\"https:\/\/andreasijuliani.adv.br\/presenca-global\/#breadcrumb\",\"itemListElement\":[{\"@type\":\"ListItem\",\"position\":1,\"name\":\"In\u00edcio\",\"item\":\"https:\/\/andreasijuliani.adv.br\/\"},{\"@type\":\"ListItem\",\"position\":2,\"name\":\"Presen\u00e7a Global\"}]},{\"@type\":\"WebSite\",\"@id\":\"https:\/\/andreasijuliani.adv.br\/#website\",\"url\":\"https:\/\/andreasijuliani.adv.br\/\",\"name\":\"Andreasi & Julianni - Law\",\"description\":\"Law\",\"publisher\":{\"@id\":\"https:\/\/andreasijuliani.adv.br\/#organization\"},\"potentialAction\":[{\"@type\":\"SearchAction\",\"target\":{\"@type\":\"EntryPoint\",\"urlTemplate\":\"https:\/\/andreasijuliani.adv.br\/?s={search_term_string}\"},\"query-input\":{\"@type\":\"PropertyValueSpecification\",\"valueRequired\":true,\"valueName\":\"search_term_string\"}}],\"inLanguage\":\"en-GB\"},{\"@type\":\"Organization\",\"@id\":\"https:\/\/andreasijuliani.adv.br\/#organization\",\"name\":\"Andreasi & Julianni - Law\",\"url\":\"https:\/\/andreasijuliani.adv.br\/\",\"logo\":{\"@type\":\"ImageObject\",\"inLanguage\":\"en-GB\",\"@id\":\"https:\/\/andreasijuliani.adv.br\/#\/schema\/logo\/image\/\",\"url\":\"https:\/\/andreasijuliani.adv.br\/wp-content\/uploads\/2025\/12\/logo-01.svg\",\"contentUrl\":\"https:\/\/andreasijuliani.adv.br\/wp-content\/uploads\/2025\/12\/logo-01.svg\",\"width\":249,\"height\":101,\"caption\":\"Andreasi & Julianni - Law\"},\"image\":{\"@id\":\"https:\/\/andreasijuliani.adv.br\/#\/schema\/logo\/image\/\"}}]}<\/script>\n<!-- \/ Yoast SEO plugin. -->","yoast_head_json":{"title":"Presen\u00e7a Global - Andreasi &amp; Julianni","robots":{"index":"index","follow":"follow","max-snippet":"max-snippet:-1","max-image-preview":"max-image-preview:large","max-video-preview":"max-video-preview:-1"},"canonical":"https:\/\/andreasijuliani.adv.br\/en\/presenca-global\/","og_locale":"en_GB","og_type":"article","og_title":"Presen\u00e7a Global - Andreasi &amp; Julianni","og_description":"Mexican Desk \u2013 Brasil &amp; M\u00e9xico Andreasi &amp; Juliani Advocacia e Asesoria Estrategia Total , institu\u00edram o Mexican Desk para oferecer assessoria jur\u00eddica estrat\u00e9gica e integrada em opera\u00e7\u00f5es que envolvam o Brasil e o M\u00e9xico. O escrit\u00f3rio mexicano Estrategia Total, localizado na Cidade do M\u00e9xico, \u00e9 refer\u00eancia em assessoria empresarial no pa\u00eds. A iniciativa foi [&hellip;]","og_url":"https:\/\/andreasijuliani.adv.br\/en\/presenca-global\/","og_site_name":"Andreasi &amp; Julianni","article_modified_time":"2026-02-24T21:39:31+00:00","og_image":[{"width":682,"height":501,"url":"https:\/\/andreasijuliani.adv.br\/wp-content\/uploads\/2026\/02\/4.jpg","type":"image\/jpeg"}],"twitter_card":"summary_large_image","twitter_misc":{"Estimated reading time":"1 minute"},"schema":{"@context":"https:\/\/schema.org","@graph":[{"@type":"WebPage","@id":"https:\/\/andreasijuliani.adv.br\/presenca-global\/","url":"https:\/\/andreasijuliani.adv.br\/presenca-global\/","name":"Presen\u00e7a Global - Andreasi &amp; Julianni","isPartOf":{"@id":"https:\/\/andreasijuliani.adv.br\/#website"},"primaryImageOfPage":{"@id":"https:\/\/andreasijuliani.adv.br\/presenca-global\/#primaryimage"},"image":{"@id":"https:\/\/andreasijuliani.adv.br\/presenca-global\/#primaryimage"},"thumbnailUrl":"https:\/\/andreasijuliani.adv.br\/wp-content\/uploads\/2026\/02\/4.jpg","datePublished":"2026-02-16T13:21:28+00:00","dateModified":"2026-02-24T21:39:31+00:00","breadcrumb":{"@id":"https:\/\/andreasijuliani.adv.br\/presenca-global\/#breadcrumb"},"inLanguage":"en-GB","potentialAction":[{"@type":"ReadAction","target":["https:\/\/andreasijuliani.adv.br\/presenca-global\/"]}]},{"@type":"ImageObject","inLanguage":"en-GB","@id":"https:\/\/andreasijuliani.adv.br\/presenca-global\/#primaryimage","url":"https:\/\/andreasijuliani.adv.br\/wp-content\/uploads\/2026\/02\/4.jpg","contentUrl":"https:\/\/andreasijuliani.adv.br\/wp-content\/uploads\/2026\/02\/4.jpg"},{"@type":"BreadcrumbList","@id":"https:\/\/andreasijuliani.adv.br\/presenca-global\/#breadcrumb","itemListElement":[{"@type":"ListItem","position":1,"name":"In\u00edcio","item":"https:\/\/andreasijuliani.adv.br\/"},{"@type":"ListItem","position":2,"name":"Presen\u00e7a Global"}]},{"@type":"WebSite","@id":"https:\/\/andreasijuliani.adv.br\/#website","url":"https:\/\/andreasijuliani.adv.br\/","name":"Andreasi & Julianni - Law","description":"Law","publisher":{"@id":"https:\/\/andreasijuliani.adv.br\/#organization"},"potentialAction":[{"@type":"SearchAction","target":{"@type":"EntryPoint","urlTemplate":"https:\/\/andreasijuliani.adv.br\/?s={search_term_string}"},"query-input":{"@type":"PropertyValueSpecification","valueRequired":true,"valueName":"search_term_string"}}],"inLanguage":"en-GB"},{"@type":"Organization","@id":"https:\/\/andreasijuliani.adv.br\/#organization","name":"Andreasi & Julianni - Law","url":"https:\/\/andreasijuliani.adv.br\/","logo":{"@type":"ImageObject","inLanguage":"en-GB","@id":"https:\/\/andreasijuliani.adv.br\/#\/schema\/logo\/image\/","url":"https:\/\/andreasijuliani.adv.br\/wp-content\/uploads\/2025\/12\/logo-01.svg","contentUrl":"https:\/\/andreasijuliani.adv.br\/wp-content\/uploads\/2025\/12\/logo-01.svg","width":249,"height":101,"caption":"Andreasi & Julianni - Law"},"image":{"@id":"https:\/\/andreasijuliani.adv.br\/#\/schema\/logo\/image\/"}}]}},"_links":{"self":[{"href":"https:\/\/andreasijuliani.adv.br\/en\/wp-json\/wp\/v2\/pages\/3534","targetHints":{"allow":["GET"]}}],"collection":[{"href":"https:\/\/andreasijuliani.adv.br\/en\/wp-json\/wp\/v2\/pages"}],"about":[{"href":"https:\/\/andreasijuliani.adv.br\/en\/wp-json\/wp\/v2\/types\/page"}],"author":[{"embeddable":true,"href":"https:\/\/andreasijuliani.adv.br\/en\/wp-json\/wp\/v2\/users\/1"}],"replies":[{"embeddable":true,"href":"https:\/\/andreasijuliani.adv.br\/en\/wp-json\/wp\/v2\/comments?post=3534"}],"version-history":[{"count":82,"href":"https:\/\/andreasijuliani.adv.br\/en\/wp-json\/wp\/v2\/pages\/3534\/revisions"}],"predecessor-version":[{"id":3672,"href":"https:\/\/andreasijuliani.adv.br\/en\/wp-json\/wp\/v2\/pages\/3534\/revisions\/3672"}],"wp:attachment":[{"href":"https:\/\/andreasijuliani.adv.br\/en\/wp-json\/wp\/v2\/media?parent=3534"}],"curies":[{"name":"wp","href":"https:\/\/api.w.org\/{rel}","templated":true}]}}