{"id":2781,"date":"2025-12-09T17:42:21","date_gmt":"2025-12-09T17:42:21","guid":{"rendered":"https:\/\/wgl-dsites.net\/aerra\/?page_id=83"},"modified":"2026-02-24T21:44:27","modified_gmt":"2026-02-24T21:44:27","slug":"contato","status":"publish","type":"page","link":"https:\/\/andreasijuliani.adv.br\/es\/contato\/","title":{"rendered":"Contacto"},"content":{"rendered":"<div data-elementor-type=\"wp-page\" data-elementor-id=\"2781\" class=\"elementor elementor-2781\">\n\t\t\t\t<div class=\"elementor-element elementor-element-696eafc e-flex e-con-boxed e-con e-parent\" data-id=\"696eafc\" data-element_type=\"container\" data-e-type=\"container\">\n\t\t\t\t\t<div class=\"e-con-inner\">\n\t\t<div class=\"elementor-element elementor-element-7d5a345 e-con-full e-flex elementor-invisible e-con e-child\" data-id=\"7d5a345\" data-element_type=\"container\" data-e-type=\"container\" data-settings=\"{&quot;animation&quot;:&quot;wgl_fade_left&quot;}\">\n\t\t\t\t<div class=\"elementor-element elementor-element-3a1e431 aleft elementor-widget elementor-widget-wgl-double-heading\" data-id=\"3a1e431\" data-element_type=\"widget\" data-e-type=\"widget\" data-widget_type=\"wgl-double-heading.default\">\n\t\t\t\t<div class=\"elementor-widget-container\">\n\t\t\t\t\t<div class=\"wgl-double-heading\"><div class=\"dblh__subtitle\">D\u00f3nde Estamos para Ayudar<\/div><h3 class=\"dblh__title-wrapper\"><span class=\"dblh__title dblh__title-1\"><span>Cont\u00e1ctenos para estructurar su negocio con seguridad.<\/span><\/span><\/h3><\/div>\t\t\t\t<\/div>\n\t\t\t\t<\/div>\n\t\t\t\t<div class=\"elementor-element elementor-element-cd7ea8f elementor-widget__width-initial elementor-widget elementor-widget-text-editor\" data-id=\"cd7ea8f\" data-element_type=\"widget\" data-e-type=\"widget\" data-widget_type=\"text-editor.default\">\n\t\t\t\t\t\t\t\t\t<p>\u00bfTiene una cuesti\u00f3n jur\u00eddica compleja? \u00bfDesea estructurar su empresa con seguridad? Cont\u00e1ctenos para una consulta estrat\u00e9gica. Nuestros socios est\u00e1n listos para ayudarle.<\/p>\t\t\t\t\t\t\t\t<\/div>\n\t\t<div class=\"elementor-element elementor-element-6be649b e-con-full e-flex e-con e-child\" data-id=\"6be649b\" data-element_type=\"container\" data-e-type=\"container\">\n\t\t<div class=\"elementor-element elementor-element-7d01edb e-con-full e-flex e-con e-child\" data-id=\"7d01edb\" data-element_type=\"container\" data-e-type=\"container\">\n\t\t\t\t<div class=\"elementor-element elementor-element-b5631b4 elementor-widget__width-initial aleft elementor-widget elementor-widget-wgl-infobox\" data-id=\"b5631b4\" data-element_type=\"widget\" data-e-type=\"widget\" data-widget_type=\"wgl-infobox.default\">\n\t\t\t\t<div class=\"elementor-widget-container\">\n\t\t\t\t\t<div class=\"wgl-infobox_bg_wrapper\"><\/div><div class=\"wgl-infobox\"><div class=\"wgl-infobox_wrapper\"><div class=\"content_wrapper\"><div class=\"wgl-infobox-title_wrapper\"><h3 class=\"wgl-infobox_title\"><span class=\"wgl-infobox_title-idle\"><span class=\"elementor-repeater-item-d587a21\">ESTAMOS AQU\u00cd:<\/span><\/span><\/h3><\/div><div class=\"wgl-infobox-content_wrapper\"><div class=\"wgl-infobox-content\"><p>Avenida Orosimbo Maia, 430 \u2013 6\/613 Easy Office | Campinas, SP, Brasil<\/p><\/div><\/div><\/div><\/div><\/div>\t\t\t\t<\/div>\n\t\t\t\t<\/div>\n\t\t\t\t<\/div>\n\t\t<div class=\"elementor-element elementor-element-4c4c610 e-con-full e-flex e-con e-child\" data-id=\"4c4c610\" data-element_type=\"container\" data-e-type=\"container\">\n\t\t\t\t<div class=\"elementor-element elementor-element-1379bfd elementor-widget__width-initial aleft elementor-widget elementor-widget-wgl-infobox\" data-id=\"1379bfd\" data-element_type=\"widget\" data-e-type=\"widget\" data-widget_type=\"wgl-infobox.default\">\n\t\t\t\t<div class=\"elementor-widget-container\">\n\t\t\t\t\t<div class=\"wgl-infobox_bg_wrapper\"><\/div><div class=\"wgl-infobox\"><div class=\"wgl-infobox_wrapper\"><div class=\"content_wrapper\"><div class=\"wgl-infobox-title_wrapper\"><h3 class=\"wgl-infobox_title\"><span class=\"wgl-infobox_title-idle\"><span class=\"elementor-repeater-item-d587a21\">LL\u00c1MENOS:<\/span><\/span><\/h3><\/div><div class=\"wgl-infobox-content_wrapper\"><div class=\"wgl-infobox-content\"><p>Edison Primo Andreasi<br \/><a href=\"https:\/\/api.whatsapp.com\/send\/?phone=5519981194806\">+55 (19) 98119-4806<\/a><br \/>-<br \/>Andr\u00e9 Fernando Juliani<br \/><a href=\"https:\/\/api.whatsapp.com\/send\/?phone=5519991246291\">+55 (19) 99124-6291<\/a><\/p><\/div><\/div><\/div><\/div><\/div>\t\t\t\t<\/div>\n\t\t\t\t<\/div>\n\t\t\t\t<\/div>\n\t\t<div class=\"elementor-element elementor-element-24505cf e-con-full e-flex e-con e-child\" data-id=\"24505cf\" data-element_type=\"container\" data-e-type=\"container\">\n\t\t\t\t<div class=\"elementor-element elementor-element-03f4086 elementor-widget__width-initial aleft elementor-widget elementor-widget-wgl-infobox\" data-id=\"03f4086\" data-element_type=\"widget\" data-e-type=\"widget\" data-widget_type=\"wgl-infobox.default\">\n\t\t\t\t<div class=\"elementor-widget-container\">\n\t\t\t\t\t<div class=\"wgl-infobox_bg_wrapper\"><\/div><div class=\"wgl-infobox\"><div class=\"wgl-infobox_wrapper\"><div class=\"content_wrapper\"><div class=\"wgl-infobox-title_wrapper\"><h3 class=\"wgl-infobox_title\"><span class=\"wgl-infobox_title-idle\"><span class=\"elementor-repeater-item-d587a21\">ENV\u00cdENOS UN CORREO:<\/span><\/span><\/h3><\/div><div class=\"wgl-infobox-content_wrapper\"><div class=\"wgl-infobox-content\"><p>contato@andreasijuliani.adv.br<\/p><\/div><\/div><\/div><\/div><\/div>\t\t\t\t<\/div>\n\t\t\t\t<\/div>\n\t\t\t\t<\/div>\n\t\t<div class=\"elementor-element elementor-element-033f484 e-con-full e-flex e-con e-child\" data-id=\"033f484\" data-element_type=\"container\" data-e-type=\"container\">\n\t\t\t\t<div class=\"elementor-element elementor-element-f3be07e elementor-widget__width-initial aleft elementor-widget elementor-widget-wgl-infobox\" data-id=\"f3be07e\" data-element_type=\"widget\" data-e-type=\"widget\" data-widget_type=\"wgl-infobox.default\">\n\t\t\t\t<div class=\"elementor-widget-container\">\n\t\t\t\t\t<div class=\"wgl-infobox_bg_wrapper\"><\/div><div class=\"wgl-infobox\"><div class=\"wgl-infobox_wrapper\"><div class=\"content_wrapper\"><div class=\"wgl-infobox-title_wrapper\"><h3 class=\"wgl-infobox_title\"><span class=\"wgl-infobox_title-idle\"><span class=\"elementor-repeater-item-d587a21\">ESTAMOS EN REDES SOCIALES:<\/span><\/span><\/h3><\/div><\/div><\/div><\/div>\t\t\t\t<\/div>\n\t\t\t\t<\/div>\n\t\t\t\t<div class=\"elementor-element elementor-element-41ec8b6 elementor-widget elementor-widget-wgl-social-icons\" data-id=\"41ec8b6\" data-element_type=\"widget\" data-e-type=\"widget\" data-widget_type=\"wgl-social-icons.default\">\n\t\t\t\t<div class=\"elementor-widget-container\">\n\t\t\t\t\t<div class=\"wgl-social-icons elementor-social-icons-wrapper\"><a class=\"wgl-icon wgl-social-icon-x-twitter elementor-repeater-item-84772ee\" href=\"https:\/\/x.com\/\" target=\"_blank\" title=\"X\"><span class=\"elementor-screen-only\">X-twitter<\/span><svg class=\"e-font-icon-svg e-fab-x-twitter\" viewbox=\"0 0 512 512\" xmlns=\"http:\/\/www.w3.org\/2000\/svg\"><path d=\"M389.2 48h70.6L305.6 224.2 487 464H345L233.7 318.6 106.5 464H35.8L200.7 275.5 26.8 48H172.4L272.9 180.9 389.2 48zM364.4 421.8h39.1L151.1 88h-42L364.4 421.8z\"><\/path><\/svg><\/a><a class=\"wgl-icon wgl-social-icon-facebook elementor-repeater-item-b343986\" href=\"https:\/\/www.facebook.com\/\" target=\"_blank\" title=\"Facebook\"><span class=\"elementor-screen-only\">Facebook<\/span><svg class=\"e-font-icon-svg e-fab-facebook\" viewbox=\"0 0 512 512\" xmlns=\"http:\/\/www.w3.org\/2000\/svg\"><path d=\"M504 256C504 119 393 8 256 8S8 119 8 256c0 123.78 90.69 226.38 209.25 245V327.69h-63V256h63v-54.64c0-62.15 37-96.48 93.67-96.48 27.14 0 55.52 4.84 55.52 4.84v61h-31.28c-30.8 0-40.41 19.12-40.41 38.73V256h68.78l-11 71.69h-57.78V501C413.31 482.38 504 379.78 504 256z\"><\/path><\/svg><\/a><a class=\"wgl-icon wgl-social-icon-instagram elementor-repeater-item-ceae98d\" href=\"https:\/\/www.instagram.com\/\" target=\"_blank\" title=\"Instagram\"><span class=\"elementor-screen-only\">Instagram<\/span><svg class=\"e-font-icon-svg e-fab-instagram\" viewbox=\"0 0 448 512\" xmlns=\"http:\/\/www.w3.org\/2000\/svg\"><path d=\"M224.1 141c-63.6 0-114.9 51.3-114.9 114.9s51.3 114.9 114.9 114.9S339 319.5 339 255.9 287.7 141 224.1 141zm0 189.6c-41.1 0-74.7-33.5-74.7-74.7s33.5-74.7 74.7-74.7 74.7 33.5 74.7 74.7-33.6 74.7-74.7 74.7zm146.4-194.3c0 14.9-12 26.8-26.8 26.8-14.9 0-26.8-12-26.8-26.8s12-26.8 26.8-26.8 26.8 12 26.8 26.8zm76.1 27.2c-1.7-35.9-9.9-67.7-36.2-93.9-26.2-26.2-58-34.4-93.9-36.2-37-2.1-147.9-2.1-184.9 0-35.8 1.7-67.6 9.9-93.9 36.1s-34.4 58-36.2 93.9c-2.1 37-2.1 147.9 0 184.9 1.7 35.9 9.9 67.7 36.2 93.9s58 34.4 93.9 36.2c37 2.1 147.9 2.1 184.9 0 35.9-1.7 67.7-9.9 93.9-36.2 26.2-26.2 34.4-58 36.2-93.9 2.1-37 2.1-147.8 0-184.8zM398.8 388c-7.8 19.6-22.9 34.7-42.6 42.6-29.5 11.7-99.5 9-132.1 9s-102.7 2.6-132.1-9c-19.6-7.8-34.7-22.9-42.6-42.6-11.7-29.5-9-99.5-9-132.1s-2.6-102.7 9-132.1c7.8-19.6 22.9-34.7 42.6-42.6 29.5-11.7 99.5-9 132.1-9s102.7-2.6 132.1 9c19.6 7.8 34.7 22.9 42.6 42.6 11.7 29.5 9 99.5 9 132.1s2.7 102.7-9 132.1z\"><\/path><\/svg><\/a><a class=\"wgl-icon wgl-social-icon-linkedin elementor-repeater-item-15008df\" href=\"https:\/\/linkedin.com\/\" target=\"_blank\" title=\"LinkedIn\"><span class=\"elementor-screen-only\">Linkedin<\/span><svg class=\"e-font-icon-svg e-fab-linkedin\" viewbox=\"0 0 448 512\" xmlns=\"http:\/\/www.w3.org\/2000\/svg\"><path d=\"M416 32H31.9C14.3 32 0 46.5 0 64.3v383.4C0 465.5 14.3 480 31.9 480H416c17.6 0 32-14.5 32-32.3V64.3c0-17.8-14.4-32.3-32-32.3zM135.4 416H69V202.2h66.5V416zm-33.2-243c-21.3 0-38.5-17.3-38.5-38.5S80.9 96 102.2 96c21.2 0 38.5 17.3 38.5 38.5 0 21.3-17.2 38.5-38.5 38.5zm282.1 243h-66.4V312c0-24.8-.5-56.7-34.5-56.7-34.6 0-39.9 27-39.9 54.9V416h-66.4V202.2h63.7v29.2h.9c8.9-16.8 30.6-34.5 62.9-34.5 67.2 0 79.7 44.3 79.7 101.9V416z\"><\/path><\/svg><\/a><\/div>\t\t\t\t<\/div>\n\t\t\t\t<\/div>\n\t\t\t\t<\/div>\n\t\t\t\t<\/div>\n\t\t\t\t<\/div>\n\t\t<div class=\"elementor-element elementor-element-a5e1ac8 e-con-full e-flex e-con e-child\" data-id=\"a5e1ac8\" data-element_type=\"container\" data-e-type=\"container\">\n\t\t<div class=\"elementor-element elementor-element-be72313 e-con-full e-flex elementor-invisible e-con e-child\" data-id=\"be72313\" data-element_type=\"container\" data-e-type=\"container\" data-settings=\"{&quot;background_background&quot;:&quot;classic&quot;,&quot;animation&quot;:&quot;wgl_fade_right&quot;}\">\n\t\t\t\t<div class=\"elementor-element elementor-element-0e6de99 aleft elementor-widget elementor-widget-wgl-double-heading\" data-id=\"0e6de99\" data-element_type=\"widget\" data-e-type=\"widget\" data-widget_type=\"wgl-double-heading.default\">\n\t\t\t\t<div class=\"elementor-widget-container\">\n\t\t\t\t\t<div class=\"wgl-double-heading\"><h3 class=\"dblh__title-wrapper\"><span class=\"dblh__title dblh__title-1\"><span>Cont\u00e1ctenos<\/span><\/span><\/h3><\/div>\t\t\t\t<\/div>\n\t\t\t\t<\/div>\n\t\t\t\t<div class=\"elementor-element elementor-element-6da7e1b elementor-widget elementor-widget-text-editor\" data-id=\"6da7e1b\" data-element_type=\"widget\" data-e-type=\"widget\" data-widget_type=\"text-editor.default\">\n\t\t\t\t\t\t\t\t\t<p>*Su direcci\u00f3n de correo electr\u00f3nico no ser\u00e1 publicada. Los campos obligatorios est\u00e1n marcados con un.<\/p>\t\t\t\t\t\t\t\t<\/div>\n\t\t\t\t<div class=\"elementor-element elementor-element-ddbfff7 aleft elementor-widget elementor-widget-wgl-contact-form-7\" data-id=\"ddbfff7\" data-element_type=\"widget\" data-e-type=\"widget\" data-widget_type=\"wgl-contact-form-7.default\">\n\t\t\t\t<div class=\"elementor-widget-container\">\n\t\t\t\t\t<div class=\"wgl-contact-form-7\">\n<div class=\"wpcf7 no-js\" id=\"wpcf7-f699-o1\" lang=\"en-US\" dir=\"ltr\" data-wpcf7-id=\"699\">\n<div class=\"screen-reader-response\"><p role=\"status\" aria-live=\"polite\" aria-atomic=\"true\"><\/p> <ul><\/ul><\/div>\n<form action=\"\/es\/wp-json\/wp\/v2\/pages\/2781#wpcf7-f699-o1\" method=\"post\" class=\"wpcf7-form init\" aria-label=\"Formulario de contacto\" novalidate=\"novalidate\" data-status=\"init\" data-trp-original-action=\"\/es\/wp-json\/wp\/v2\/pages\/2781#wpcf7-f699-o1\">\n<fieldset class=\"hidden-fields-container\"><input type=\"hidden\" name=\"_wpcf7\" value=\"699\" \/><input type=\"hidden\" name=\"_wpcf7_version\" value=\"6.1.5\" \/><input type=\"hidden\" name=\"_wpcf7_locale\" value=\"en_US\" \/><input type=\"hidden\" name=\"_wpcf7_unit_tag\" value=\"wpcf7-f699-o1\" \/><input type=\"hidden\" name=\"_wpcf7_container_post\" value=\"0\" \/><input type=\"hidden\" name=\"_wpcf7_posted_data_hash\" value=\"\" \/>\n<\/fieldset>\n<div class=\"wgl-wpcf7-wrapper\"><div class='row'>\n<div class='wgl_col-12'>\n<span class=\"wpcf7-form-control-wrap\" data-name=\"label-name\"><input size=\"40\" maxlength=\"400\" class=\"wpcf7-form-control wpcf7-text wpcf7-validates-as-required\" aria-required=\"true\" aria-invalid=\"false\" placeholder=\"Nombre\" value=\"\" type=\"text\" name=\"label-name\" \/><\/span>\n<\/div>\n<div class='wgl_col-12'>\n<span class=\"wpcf7-form-control-wrap\" data-name=\"label-email\"><input size=\"40\" maxlength=\"400\" class=\"wpcf7-form-control wpcf7-email wpcf7-validates-as-required wpcf7-text wpcf7-validates-as-email\" aria-required=\"true\" aria-invalid=\"false\" placeholder=\"Email\" value=\"\" type=\"email\" name=\"label-email\" \/><\/span>\n<\/div>\n<div class='wgl_col-12'>\n<span class=\"wpcf7-form-control-wrap\" data-name=\"tel-772\"><input size=\"40\" maxlength=\"400\" class=\"wpcf7-form-control wpcf7-tel wpcf7-validates-as-required wpcf7-text wpcf7-validates-as-tel\" autocomplete=\"tel\" aria-required=\"true\" aria-invalid=\"false\" placeholder=\"WhatsApp\" value=\"\" type=\"tel\" name=\"tel-772\" \/><\/span>\n<\/div>\n<div class='wgl_col-12'>\n<span class=\"wpcf7-form-control-wrap\" data-name=\"label-textarea\"><textarea cols=\"40\" rows=\"10\" maxlength=\"2000\" class=\"wpcf7-form-control wpcf7-textarea\" aria-invalid=\"false\" placeholder=\"Mensaje\" name=\"label-textarea\"><\/textarea><\/span>\n<\/div>\n<div class='wgl_col-12'>\n<button  class=\"wpcf7-form-control wpcf7-submit has-spinner wgl-button wgl-wpcf7-button\" type=\"submit\"><span class=\"button__content\"><span>Enviar<\/span><\/span><\/button>\n<\/div>\n<\/div><\/div><div class=\"wpcf7-response-output\" aria-hidden=\"true\"><\/div>\n<input type=\"hidden\" name=\"trp-form-language\" value=\"es\"\/><\/form>\n<\/div>\n<\/div>\t\t\t\t<\/div>\n\t\t\t\t<\/div>\n\t\t\t\t<\/div>\n\t\t\t\t<\/div>\n\t\t\t\t\t<\/div>\n\t\t\t\t<\/div>\n\t\t<div class=\"elementor-element elementor-element-7173ef6 e-con-full e-flex elementor-invisible e-con e-parent\" data-id=\"7173ef6\" data-element_type=\"container\" data-e-type=\"container\" data-settings=\"{&quot;animation&quot;:&quot;wgl_fade&quot;}\">\n\t\t\t\t<div class=\"elementor-element elementor-element-2f8c291 elementor-widget elementor-widget-google_maps\" data-id=\"2f8c291\" data-element_type=\"widget\" data-e-type=\"widget\" data-widget_type=\"google_maps.default\">\n\t\t\t\t\t\t\t<div class=\"elementor-custom-embed\">\n\t\t\t<iframe loading=\"lazy\"\n\t\t\t\t\tsrc=\"https:\/\/maps.google.com\/maps?q=Avenida%20Orosimbo%20Maia%2C%20430%20%E2%80%93%206%2F613%20Easy%20Office%20%7C%20Campinas%2C%20SP%2C%20Brasil&#038;t=m&#038;z=10&#038;output=embed&#038;iwloc=near\"\n\t\t\t\t\ttitle=\"Avenida Orosimbo Maia, 430 \u2013 6\/613 Easy Office | Campinas, SP, Brasil\"\n\t\t\t\t\taria-label=\"Avenida Orosimbo Maia, 430 \u2013 6\/613 Easy Office | Campinas, SP, Brasil\"\n\t\t\t><\/iframe>\n\t\t<\/div>\n\t\t\t\t\t\t<\/div>\n\t\t\t\t<\/div>\n\t\t\t\t<\/div>","protected":false},"excerpt":{"rendered":"<p>ONDE ESTAMOS PARA AJUDAR Entre em contato conosco para estruturar seu neg\u00f3cio com seguran\u00e7a Tem uma quest\u00e3o jur\u00eddica complexa? Quer estruturar sua empresa com seguran\u00e7a? Entre em contato para uma consulta estrat\u00e9gica. Nossos s\u00f3cios est\u00e3o prontos para ajudar. ESTAMOS AQUI: Avenida Orosimbo Maia, 430 \u2013 6\/613 Easy Office | Campinas, SP, Brasil LIGUE PARA N\u00d3S: [&hellip;]<\/p>","protected":false},"author":1,"featured_media":0,"parent":0,"menu_order":0,"comment_status":"closed","ping_status":"closed","template":"","meta":{"_monsterinsights_skip_tracking":false,"_monsterinsights_sitenote_active":false,"_monsterinsights_sitenote_note":"","_monsterinsights_sitenote_category":0,"footnotes":""},"class_list":["post-2781","page","type-page","status-publish","hentry"],"yoast_head":"<!-- This site is optimized with the Yoast SEO plugin v27.2 - https:\/\/yoast.com\/product\/yoast-seo-wordpress\/ -->\n<title>Contato - Andreasi &amp; Julianni<\/title>\n<meta name=\"robots\" content=\"index, follow, max-snippet:-1, max-image-preview:large, max-video-preview:-1\" \/>\n<link rel=\"canonical\" href=\"https:\/\/andreasijuliani.adv.br\/es\/contato\/\" \/>\n<meta property=\"og:locale\" content=\"es_MX\" \/>\n<meta property=\"og:type\" content=\"article\" \/>\n<meta property=\"og:title\" content=\"Contato - Andreasi &amp; Julianni\" \/>\n<meta property=\"og:description\" content=\"ONDE ESTAMOS PARA AJUDAR Entre em contato conosco para estruturar seu neg\u00f3cio com seguran\u00e7a Tem uma quest\u00e3o jur\u00eddica complexa? Quer estruturar sua empresa com seguran\u00e7a? Entre em contato para uma consulta estrat\u00e9gica. Nossos s\u00f3cios est\u00e3o prontos para ajudar. ESTAMOS AQUI: Avenida Orosimbo Maia, 430 \u2013 6\/613 Easy Office | Campinas, SP, Brasil LIGUE PARA N\u00d3S: [&hellip;]\" \/>\n<meta property=\"og:url\" content=\"https:\/\/andreasijuliani.adv.br\/es\/contato\/\" \/>\n<meta property=\"og:site_name\" content=\"Andreasi &amp; Julianni\" \/>\n<meta property=\"article:modified_time\" content=\"2026-02-24T21:44:27+00:00\" \/>\n<meta name=\"twitter:card\" content=\"summary_large_image\" \/>\n<meta name=\"twitter:label1\" content=\"Tiempo de lectura\" \/>\n\t<meta name=\"twitter:data1\" content=\"1 minuto\" \/>\n<script type=\"application\/ld+json\" class=\"yoast-schema-graph\">{\"@context\":\"https:\/\/schema.org\",\"@graph\":[{\"@type\":\"WebPage\",\"@id\":\"https:\/\/andreasijuliani.adv.br\/contato\/\",\"url\":\"https:\/\/andreasijuliani.adv.br\/contato\/\",\"name\":\"Contato - Andreasi &amp; Julianni\",\"isPartOf\":{\"@id\":\"https:\/\/andreasijuliani.adv.br\/#website\"},\"datePublished\":\"2025-12-09T17:42:21+00:00\",\"dateModified\":\"2026-02-24T21:44:27+00:00\",\"breadcrumb\":{\"@id\":\"https:\/\/andreasijuliani.adv.br\/contato\/#breadcrumb\"},\"inLanguage\":\"es\",\"potentialAction\":[{\"@type\":\"ReadAction\",\"target\":[\"https:\/\/andreasijuliani.adv.br\/contato\/\"]}]},{\"@type\":\"BreadcrumbList\",\"@id\":\"https:\/\/andreasijuliani.adv.br\/contato\/#breadcrumb\",\"itemListElement\":[{\"@type\":\"ListItem\",\"position\":1,\"name\":\"In\u00edcio\",\"item\":\"https:\/\/andreasijuliani.adv.br\/\"},{\"@type\":\"ListItem\",\"position\":2,\"name\":\"Contato\"}]},{\"@type\":\"WebSite\",\"@id\":\"https:\/\/andreasijuliani.adv.br\/#website\",\"url\":\"https:\/\/andreasijuliani.adv.br\/\",\"name\":\"Andreasi & Julianni - Law\",\"description\":\"Law\",\"publisher\":{\"@id\":\"https:\/\/andreasijuliani.adv.br\/#organization\"},\"potentialAction\":[{\"@type\":\"SearchAction\",\"target\":{\"@type\":\"EntryPoint\",\"urlTemplate\":\"https:\/\/andreasijuliani.adv.br\/?s={search_term_string}\"},\"query-input\":{\"@type\":\"PropertyValueSpecification\",\"valueRequired\":true,\"valueName\":\"search_term_string\"}}],\"inLanguage\":\"es\"},{\"@type\":\"Organization\",\"@id\":\"https:\/\/andreasijuliani.adv.br\/#organization\",\"name\":\"Andreasi & Julianni - Law\",\"url\":\"https:\/\/andreasijuliani.adv.br\/\",\"logo\":{\"@type\":\"ImageObject\",\"inLanguage\":\"es\",\"@id\":\"https:\/\/andreasijuliani.adv.br\/#\/schema\/logo\/image\/\",\"url\":\"https:\/\/andreasijuliani.adv.br\/wp-content\/uploads\/2025\/12\/logo-01.svg\",\"contentUrl\":\"https:\/\/andreasijuliani.adv.br\/wp-content\/uploads\/2025\/12\/logo-01.svg\",\"width\":249,\"height\":101,\"caption\":\"Andreasi & Julianni - Law\"},\"image\":{\"@id\":\"https:\/\/andreasijuliani.adv.br\/#\/schema\/logo\/image\/\"}}]}<\/script>\n<!-- \/ Yoast SEO plugin. -->","yoast_head_json":{"title":"Contato - Andreasi &amp; Julianni","robots":{"index":"index","follow":"follow","max-snippet":"max-snippet:-1","max-image-preview":"max-image-preview:large","max-video-preview":"max-video-preview:-1"},"canonical":"https:\/\/andreasijuliani.adv.br\/es\/contato\/","og_locale":"es_MX","og_type":"article","og_title":"Contato - Andreasi &amp; Julianni","og_description":"ONDE ESTAMOS PARA AJUDAR Entre em contato conosco para estruturar seu neg\u00f3cio com seguran\u00e7a Tem uma quest\u00e3o jur\u00eddica complexa? Quer estruturar sua empresa com seguran\u00e7a? Entre em contato para uma consulta estrat\u00e9gica. Nossos s\u00f3cios est\u00e3o prontos para ajudar. ESTAMOS AQUI: Avenida Orosimbo Maia, 430 \u2013 6\/613 Easy Office | Campinas, SP, Brasil LIGUE PARA N\u00d3S: [&hellip;]","og_url":"https:\/\/andreasijuliani.adv.br\/es\/contato\/","og_site_name":"Andreasi &amp; Julianni","article_modified_time":"2026-02-24T21:44:27+00:00","twitter_card":"summary_large_image","twitter_misc":{"Tiempo de lectura":"1 minuto"},"schema":{"@context":"https:\/\/schema.org","@graph":[{"@type":"WebPage","@id":"https:\/\/andreasijuliani.adv.br\/contato\/","url":"https:\/\/andreasijuliani.adv.br\/contato\/","name":"Contato - Andreasi &amp; Julianni","isPartOf":{"@id":"https:\/\/andreasijuliani.adv.br\/#website"},"datePublished":"2025-12-09T17:42:21+00:00","dateModified":"2026-02-24T21:44:27+00:00","breadcrumb":{"@id":"https:\/\/andreasijuliani.adv.br\/contato\/#breadcrumb"},"inLanguage":"es","potentialAction":[{"@type":"ReadAction","target":["https:\/\/andreasijuliani.adv.br\/contato\/"]}]},{"@type":"BreadcrumbList","@id":"https:\/\/andreasijuliani.adv.br\/contato\/#breadcrumb","itemListElement":[{"@type":"ListItem","position":1,"name":"In\u00edcio","item":"https:\/\/andreasijuliani.adv.br\/"},{"@type":"ListItem","position":2,"name":"Contato"}]},{"@type":"WebSite","@id":"https:\/\/andreasijuliani.adv.br\/#website","url":"https:\/\/andreasijuliani.adv.br\/","name":"Andreasi & Julianni - Law","description":"Law","publisher":{"@id":"https:\/\/andreasijuliani.adv.br\/#organization"},"potentialAction":[{"@type":"SearchAction","target":{"@type":"EntryPoint","urlTemplate":"https:\/\/andreasijuliani.adv.br\/?s={search_term_string}"},"query-input":{"@type":"PropertyValueSpecification","valueRequired":true,"valueName":"search_term_string"}}],"inLanguage":"es"},{"@type":"Organization","@id":"https:\/\/andreasijuliani.adv.br\/#organization","name":"Andreasi & Julianni - Law","url":"https:\/\/andreasijuliani.adv.br\/","logo":{"@type":"ImageObject","inLanguage":"es","@id":"https:\/\/andreasijuliani.adv.br\/#\/schema\/logo\/image\/","url":"https:\/\/andreasijuliani.adv.br\/wp-content\/uploads\/2025\/12\/logo-01.svg","contentUrl":"https:\/\/andreasijuliani.adv.br\/wp-content\/uploads\/2025\/12\/logo-01.svg","width":249,"height":101,"caption":"Andreasi & Julianni - Law"},"image":{"@id":"https:\/\/andreasijuliani.adv.br\/#\/schema\/logo\/image\/"}}]}},"_links":{"self":[{"href":"https:\/\/andreasijuliani.adv.br\/es\/wp-json\/wp\/v2\/pages\/2781","targetHints":{"allow":["GET"]}}],"collection":[{"href":"https:\/\/andreasijuliani.adv.br\/es\/wp-json\/wp\/v2\/pages"}],"about":[{"href":"https:\/\/andreasijuliani.adv.br\/es\/wp-json\/wp\/v2\/types\/page"}],"author":[{"embeddable":true,"href":"https:\/\/andreasijuliani.adv.br\/es\/wp-json\/wp\/v2\/users\/1"}],"replies":[{"embeddable":true,"href":"https:\/\/andreasijuliani.adv.br\/es\/wp-json\/wp\/v2\/comments?post=2781"}],"version-history":[{"count":22,"href":"https:\/\/andreasijuliani.adv.br\/es\/wp-json\/wp\/v2\/pages\/2781\/revisions"}],"predecessor-version":[{"id":3684,"href":"https:\/\/andreasijuliani.adv.br\/es\/wp-json\/wp\/v2\/pages\/2781\/revisions\/3684"}],"wp:attachment":[{"href":"https:\/\/andreasijuliani.adv.br\/es\/wp-json\/wp\/v2\/media?parent=2781"}],"curies":[{"name":"wp","href":"https:\/\/api.w.org\/{rel}","templated":true}]}}